{"id":603,"date":"2024-06-25T09:46:44","date_gmt":"2024-06-25T07:46:44","guid":{"rendered":"https:\/\/campinglabiaugue.com\/?page_id=603"},"modified":"2024-06-25T11:13:25","modified_gmt":"2024-06-25T09:13:25","slug":"festival","status":"publish","type":"page","link":"https:\/\/campinglabiaugue.com\/index.php\/festival\/","title":{"rendered":"Festival"},"content":{"rendered":"\t\t<div data-elementor-type=\"wp-post\" data-elementor-id=\"603\" class=\"elementor elementor-603\">\n\t\t\t\t\t\t<section class=\"elementor-section elementor-top-section elementor-element elementor-element-xzv1c7c elementor-section-boxed elementor-section-height-default elementor-section-height-default wpr-particle-no wpr-jarallax-no wpr-parallax-no wpr-sticky-section-no\" data-id=\"xzv1c7c\" data-element_type=\"section\" data-settings=\"{&quot;background_background&quot;:&quot;classic&quot;,&quot;shape_divider_bottom&quot;:&quot;mountains&quot;}\">\n\t\t\t\t\t<div class=\"elementor-shape elementor-shape-bottom\" data-negative=\"false\">\n\t\t\t<svg xmlns=\"http:\/\/www.w3.org\/2000\/svg\" viewBox=\"0 0 1000 100\" preserveAspectRatio=\"none\">\n\t<path class=\"elementor-shape-fill\" opacity=\"0.33\" d=\"M473,67.3c-203.9,88.3-263.1-34-320.3,0C66,119.1,0,59.7,0,59.7V0h1000v59.7 c0,0-62.1,26.1-94.9,29.3c-32.8,3.3-62.8-12.3-75.8-22.1C806,49.6,745.3,8.7,694.9,4.7S492.4,59,473,67.3z\"\/>\n\t<path class=\"elementor-shape-fill\" opacity=\"0.66\" d=\"M734,67.3c-45.5,0-77.2-23.2-129.1-39.1c-28.6-8.7-150.3-10.1-254,39.1 s-91.7-34.4-149.2,0C115.7,118.3,0,39.8,0,39.8V0h1000v36.5c0,0-28.2-18.5-92.1-18.5C810.2,18.1,775.7,67.3,734,67.3z\"\/>\n\t<path class=\"elementor-shape-fill\" d=\"M766.1,28.9c-200-57.5-266,65.5-395.1,19.5C242,1.8,242,5.4,184.8,20.6C128,35.8,132.3,44.9,89.9,52.5C28.6,63.7,0,0,0,0 h1000c0,0-9.9,40.9-83.6,48.1S829.6,47,766.1,28.9z\"\/>\n<\/svg>\t\t<\/div>\n\t\t\t\t\t<div class=\"elementor-container elementor-column-gap-default\">\n\t\t\t\t\t<div class=\"elementor-column elementor-col-100 elementor-top-column elementor-element elementor-element-5pbrfdr\" data-id=\"5pbrfdr\" data-element_type=\"column\">\n\t\t\t<div class=\"elementor-widget-wrap elementor-element-populated\">\n\t\t\t\t\t\t<div class=\"elementor-element elementor-element-9ed253a elementor-widget elementor-widget-heading\" data-id=\"9ed253a\" data-element_type=\"widget\" data-widget_type=\"heading.default\">\n\t\t\t\t<div class=\"elementor-widget-container\">\n\t\t\t<style>\/*! elementor - v3.22.0 - 17-06-2024 *\/\n.elementor-heading-title{padding:0;margin:0;line-height:1}.elementor-widget-heading .elementor-heading-title[class*=elementor-size-]>a{color:inherit;font-size:inherit;line-height:inherit}.elementor-widget-heading .elementor-heading-title.elementor-size-small{font-size:15px}.elementor-widget-heading .elementor-heading-title.elementor-size-medium{font-size:19px}.elementor-widget-heading .elementor-heading-title.elementor-size-large{font-size:29px}.elementor-widget-heading .elementor-heading-title.elementor-size-xl{font-size:39px}.elementor-widget-heading .elementor-heading-title.elementor-size-xxl{font-size:59px}<\/style><h1 class=\"elementor-heading-title elementor-size-default\">Camping de la Biogue<\/h1>\t\t<\/div>\n\t\t\t\t<\/div>\n\t\t\t\t\t<\/div>\n\t\t<\/div>\n\t\t\t\t\t<\/div>\n\t\t<\/section>\n\t\t<div class=\"elementor-element elementor-element-5eb120b e-flex e-con-boxed wpr-particle-no wpr-jarallax-no wpr-parallax-no wpr-sticky-section-no e-con e-parent\" data-id=\"5eb120b\" data-element_type=\"container\">\n\t\t\t\t\t<div class=\"e-con-inner\">\n\t\t\t\t<div class=\"elementor-element elementor-element-69fb163 elementor-widget elementor-widget-heading\" data-id=\"69fb163\" data-element_type=\"widget\" data-widget_type=\"heading.default\">\n\t\t\t\t<div class=\"elementor-widget-container\">\n\t\t\t<h2 class=\"elementor-heading-title elementor-size-default\">\nLe MadCow Festival : Un festival unique au c\u0153ur du Cantal\n<\/h2>\t\t<\/div>\n\t\t\t\t<\/div>\n\t\t\t\t\t<\/div>\n\t\t\t\t<\/div>\n\t\t<div class=\"elementor-element elementor-element-9ffcf0f e-flex e-con-boxed wpr-particle-no wpr-jarallax-no wpr-parallax-no wpr-sticky-section-no e-con e-parent\" data-id=\"9ffcf0f\" data-element_type=\"container\">\n\t\t\t\t\t<div class=\"e-con-inner\">\n\t\t<div class=\"elementor-element elementor-element-631ed3f e-con-full e-flex wpr-particle-no wpr-jarallax-no wpr-parallax-no wpr-sticky-section-no e-con e-child\" data-id=\"631ed3f\" data-element_type=\"container\">\n\t\t\t\t<div class=\"elementor-element elementor-element-90739c1 elementor-widget elementor-widget-text-editor\" data-id=\"90739c1\" data-element_type=\"widget\" data-widget_type=\"text-editor.default\">\n\t\t\t\t<div class=\"elementor-widget-container\">\n\t\t\t<style>\/*! elementor - v3.22.0 - 17-06-2024 *\/\n.elementor-widget-text-editor.elementor-drop-cap-view-stacked .elementor-drop-cap{background-color:#69727d;color:#fff}.elementor-widget-text-editor.elementor-drop-cap-view-framed .elementor-drop-cap{color:#69727d;border:3px solid;background-color:transparent}.elementor-widget-text-editor:not(.elementor-drop-cap-view-default) .elementor-drop-cap{margin-top:8px}.elementor-widget-text-editor:not(.elementor-drop-cap-view-default) .elementor-drop-cap-letter{width:1em;height:1em}.elementor-widget-text-editor .elementor-drop-cap{float:left;text-align:center;line-height:1;font-size:50px}.elementor-widget-text-editor .elementor-drop-cap-letter{display:inline-block}<\/style>\t\t\t\t<p>Situ\u00e9 au bord du lac des Cascades \u00e0 Cheylade, le Camping de Cheylade vous offre un cadre idyllique pour votre s\u00e9jour. Et si vous recherchez un \u00e9v\u00e9nement festif et convivial pendant votre s\u00e9jour, ne manquez pas le <strong>MadCow Festival<\/strong><\/p>\t\t\t\t\t\t<\/div>\n\t\t\t\t<\/div>\n\t\t\t\t<div class=\"elementor-element elementor-element-b31aa53 elementor-widget elementor-widget-heading\" data-id=\"b31aa53\" data-element_type=\"widget\" data-widget_type=\"heading.default\">\n\t\t\t\t<div class=\"elementor-widget-container\">\n\t\t\t<h2 class=\"elementor-heading-title elementor-size-default\">Activit\u00e9 sportives, atelier et musique<\/h2>\t\t<\/div>\n\t\t\t\t<\/div>\n\t\t\t\t<div class=\"elementor-element elementor-element-47824cb elementor-widget elementor-widget-text-editor\" data-id=\"47824cb\" data-element_type=\"widget\" data-widget_type=\"text-editor.default\">\n\t\t\t\t<div class=\"elementor-widget-container\">\n\t\t\t\t\t\t\t<p>Le festival propose un large \u00e9ventail d&rsquo;activit\u00e9s pour tous les \u00e2ges et tous les niveaux. Vous pourrez ainsi vous essayer au waterjump, au MadCow Lanta et autres, ainsi que de nombreux atelier tout au long du festival, avec une programmation musical pointu ou le MadCow Festival met \u00e0 l&rsquo;honneur la\u00a0 sc\u00e8ne musical ind\u00e9pendante.<\/p>\t\t\t\t\t\t<\/div>\n\t\t\t\t<\/div>\n\t\t\t\t<\/div>\n\t\t<div class=\"elementor-element elementor-element-efb0108 e-con-full e-flex wpr-particle-no wpr-jarallax-no wpr-parallax-no wpr-sticky-section-no e-con e-child\" data-id=\"efb0108\" data-element_type=\"container\">\n\t\t\t\t<div class=\"elementor-element elementor-element-f49b641 elementor-widget elementor-widget-image\" data-id=\"f49b641\" data-element_type=\"widget\" data-widget_type=\"image.default\">\n\t\t\t\t<div class=\"elementor-widget-container\">\n\t\t\t<style>\/*! elementor - v3.22.0 - 17-06-2024 *\/\n.elementor-widget-image{text-align:center}.elementor-widget-image a{display:inline-block}.elementor-widget-image a img[src$=\".svg\"]{width:48px}.elementor-widget-image img{vertical-align:middle;display:inline-block}<\/style>\t\t\t\t\t\t\t\t\t\t<img fetchpriority=\"high\" decoding=\"async\" width=\"233\" height=\"300\" src=\"https:\/\/campinglabiaugue.com\/wp-content\/uploads\/2024\/06\/MadCow-233x300.jpg\" class=\"attachment-medium size-medium wp-image-626\" alt=\"\" srcset=\"https:\/\/campinglabiaugue.com\/wp-content\/uploads\/2024\/06\/MadCow-233x300.jpg 233w, https:\/\/campinglabiaugue.com\/wp-content\/uploads\/2024\/06\/MadCow-797x1024.jpg 797w, https:\/\/campinglabiaugue.com\/wp-content\/uploads\/2024\/06\/MadCow-768x987.jpg 768w, https:\/\/campinglabiaugue.com\/wp-content\/uploads\/2024\/06\/MadCow-1195x1536.jpg 1195w, https:\/\/campinglabiaugue.com\/wp-content\/uploads\/2024\/06\/MadCow.jpg 1593w\" sizes=\"(max-width: 233px) 100vw, 233px\" \/>\t\t\t\t\t\t\t\t\t\t\t\t\t<\/div>\n\t\t\t\t<\/div>\n\t\t\t\t<\/div>\n\t\t\t\t\t<\/div>\n\t\t\t\t<\/div>\n\t\t<div class=\"elementor-element elementor-element-7ea06ff e-flex e-con-boxed wpr-particle-no wpr-jarallax-no wpr-parallax-no wpr-sticky-section-no e-con e-parent\" data-id=\"7ea06ff\" data-element_type=\"container\">\n\t\t\t\t\t<div class=\"e-con-inner\">\n\t\t<div class=\"elementor-element elementor-element-881c9fc e-con-full e-flex wpr-particle-no wpr-jarallax-no wpr-parallax-no wpr-sticky-section-no e-con e-child\" data-id=\"881c9fc\" data-element_type=\"container\">\n\t\t\t\t<div class=\"elementor-element elementor-element-a4cf378 elementor-widget elementor-widget-image\" data-id=\"a4cf378\" data-element_type=\"widget\" data-widget_type=\"image.default\">\n\t\t\t\t<div class=\"elementor-widget-container\">\n\t\t\t\t\t\t\t\t\t\t\t\t\t<img decoding=\"async\" width=\"768\" height=\"432\" src=\"https:\/\/campinglabiaugue.com\/wp-content\/uploads\/2024\/06\/274536906_1707874406219942_1784575001790823170_n-1024x576-1-768x432.jpg\" class=\"attachment-medium_large size-medium_large wp-image-632\" alt=\"\" srcset=\"https:\/\/campinglabiaugue.com\/wp-content\/uploads\/2024\/06\/274536906_1707874406219942_1784575001790823170_n-1024x576-1-768x432.jpg 768w, https:\/\/campinglabiaugue.com\/wp-content\/uploads\/2024\/06\/274536906_1707874406219942_1784575001790823170_n-1024x576-1-300x169.jpg 300w, https:\/\/campinglabiaugue.com\/wp-content\/uploads\/2024\/06\/274536906_1707874406219942_1784575001790823170_n-1024x576-1-800x450.jpg 800w, https:\/\/campinglabiaugue.com\/wp-content\/uploads\/2024\/06\/274536906_1707874406219942_1784575001790823170_n-1024x576-1.jpg 1024w\" sizes=\"(max-width: 768px) 100vw, 768px\" \/>\t\t\t\t\t\t\t\t\t\t\t\t\t<\/div>\n\t\t\t\t<\/div>\n\t\t\t\t<\/div>\n\t\t<div class=\"elementor-element elementor-element-e961254 e-con-full e-flex wpr-particle-no wpr-jarallax-no wpr-parallax-no wpr-sticky-section-no e-con e-child\" data-id=\"e961254\" data-element_type=\"container\">\n\t\t\t\t<div class=\"elementor-element elementor-element-d6d45a0 elementor-widget elementor-widget-heading\" data-id=\"d6d45a0\" data-element_type=\"widget\" data-widget_type=\"heading.default\">\n\t\t\t\t<div class=\"elementor-widget-container\">\n\t\t\t<h2 class=\"elementor-heading-title elementor-size-default\">Pour plus d'information<\/h2>\t\t<\/div>\n\t\t\t\t<\/div>\n\t\t\t\t<div class=\"elementor-element elementor-element-3e6fd99 elementor-widget elementor-widget-text-editor\" data-id=\"3e6fd99\" data-element_type=\"widget\" data-widget_type=\"text-editor.default\">\n\t\t\t\t<div class=\"elementor-widget-container\">\n\t\t\t\t\t\t\t<ul><li data-sourcepos=\"25:1-25:33\"><strong>Dates :<\/strong> du 2 au 4 ao\u00fbt 2024<\/li><li data-sourcepos=\"26:1-26:48\"><strong>Lieu :<\/strong> Lac des Cascades, Cheylade (Cantal)<\/li><li data-sourcepos=\"27:1-27:84\"><strong>Tarifs :<\/strong> Pass 1 jour : de 43 \u00e0 48 \u20ac (Gratuit le dimanche), Pass 3 jours : 69 \u20ac<\/li><li data-sourcepos=\"28:1-28:110\"><strong>Billetterie :<\/strong> <a class=\"traceable-link broken_link\" href=\"https:\/\/www.madcow-festival.com\/billetterie\" target=\"_blank\" rel=\"noopener noreferrer\">https:\/\/www.madcow-festival.com\/billetterie<\/a><\/li><li data-sourcepos=\"29:1-30:0\"><strong>Site web :<\/strong> <a class=\"traceable-link\" href=\"https:\/\/www.billetweb.fr\/madcow-festival-2024\" target=\"_blank\" rel=\"noopener noreferrer\">https:\/\/www.billetweb.fr\/madcow-festival-2024<\/a><\/li><\/ul>\t\t\t\t\t\t<\/div>\n\t\t\t\t<\/div>\n\t\t\t\t<\/div>\n\t\t\t\t\t<\/div>\n\t\t\t\t<\/div>\n\t\t\t\t<\/div>\n\t\t","protected":false},"excerpt":{"rendered":"<p>Camping de la Biogue Le MadCow Festival : Un festival unique au c\u0153ur du Cantal Situ\u00e9 au bord du lac des Cascades \u00e0 Cheylade, le Camping de Cheylade vous offre un cadre idyllique pour votre s\u00e9jour. Et si vous recherchez un \u00e9v\u00e9nement festif et convivial pendant votre s\u00e9jour, ne manquez pas le MadCow Festival Activit\u00e9 sportives, atelier et musique Le festival propose un large \u00e9ventail d&rsquo;activit\u00e9s pour tous les \u00e2ges et tous les niveaux. Vous pourrez ainsi vous essayer au waterjump, au MadCow Lanta et autres, ainsi que de nombreux atelier tout au long du festival, avec une programmation musical pointu ou le MadCow Festival met \u00e0 l&rsquo;honneur la\u00a0 sc\u00e8ne musical ind\u00e9pendante. Pour plus d&rsquo;information Dates : du 2 au 4 ao\u00fbt 2024 Lieu : Lac des Cascades, Cheylade (Cantal) Tarifs : Pass 1 jour : de 43 \u00e0 48 \u20ac (Gratuit le dimanche), Pass 3 jours : 69 \u20ac Billetterie : https:\/\/www.madcow-festival.com\/billetterie Site web : https:\/\/www.billetweb.fr\/madcow-festival-2024<\/p>\n","protected":false},"author":1,"featured_media":0,"parent":0,"menu_order":0,"comment_status":"closed","ping_status":"closed","template":"","meta":{"_seopress_robots_primary_cat":"","_seopress_titles_title":"","_seopress_titles_desc":"","_seopress_robots_index":"","ocean_post_layout":"full-screen","ocean_both_sidebars_style":"","ocean_both_sidebars_content_width":0,"ocean_both_sidebars_sidebars_width":0,"ocean_sidebar":"","ocean_second_sidebar":"","ocean_disable_margins":"on","ocean_add_body_class":"","ocean_shortcode_before_top_bar":"","ocean_shortcode_after_top_bar":"","ocean_shortcode_before_header":"","ocean_shortcode_after_header":"","ocean_has_shortcode":"","ocean_shortcode_after_title":"","ocean_shortcode_before_footer_widgets":"","ocean_shortcode_after_footer_widgets":"","ocean_shortcode_before_footer_bottom":"","ocean_shortcode_after_footer_bottom":"","ocean_display_top_bar":"default","ocean_display_header":"default","ocean_header_style":"","ocean_center_header_left_menu":"","ocean_custom_header_template":"","ocean_custom_logo":0,"ocean_custom_retina_logo":0,"ocean_custom_logo_max_width":0,"ocean_custom_logo_tablet_max_width":0,"ocean_custom_logo_mobile_max_width":0,"ocean_custom_logo_max_height":0,"ocean_custom_logo_tablet_max_height":0,"ocean_custom_logo_mobile_max_height":0,"ocean_header_custom_menu":"","ocean_menu_typo_font_family":"","ocean_menu_typo_font_subset":"","ocean_menu_typo_font_size":0,"ocean_menu_typo_font_size_tablet":0,"ocean_menu_typo_font_size_mobile":0,"ocean_menu_typo_font_size_unit":"px","ocean_menu_typo_font_weight":"","ocean_menu_typo_font_weight_tablet":"","ocean_menu_typo_font_weight_mobile":"","ocean_menu_typo_transform":"","ocean_menu_typo_transform_tablet":"","ocean_menu_typo_transform_mobile":"","ocean_menu_typo_line_height":0,"ocean_menu_typo_line_height_tablet":0,"ocean_menu_typo_line_height_mobile":0,"ocean_menu_typo_line_height_unit":"","ocean_menu_typo_spacing":0,"ocean_menu_typo_spacing_tablet":0,"ocean_menu_typo_spacing_mobile":0,"ocean_menu_typo_spacing_unit":"","ocean_menu_link_color":"","ocean_menu_link_color_hover":"","ocean_menu_link_color_active":"","ocean_menu_link_background":"","ocean_menu_link_hover_background":"","ocean_menu_link_active_background":"","ocean_menu_social_links_bg":"","ocean_menu_social_hover_links_bg":"","ocean_menu_social_links_color":"","ocean_menu_social_hover_links_color":"","ocean_disable_title":"on","ocean_disable_heading":"default","ocean_post_title":"","ocean_post_subheading":"","ocean_post_title_style":"","ocean_post_title_background_color":"","ocean_post_title_background":0,"ocean_post_title_bg_image_position":"","ocean_post_title_bg_image_attachment":"","ocean_post_title_bg_image_repeat":"","ocean_post_title_bg_image_size":"","ocean_post_title_height":0,"ocean_post_title_bg_overlay":0.5,"ocean_post_title_bg_overlay_color":"","ocean_disable_breadcrumbs":"default","ocean_breadcrumbs_color":"","ocean_breadcrumbs_separator_color":"","ocean_breadcrumbs_links_color":"","ocean_breadcrumbs_links_hover_color":"","ocean_display_footer_widgets":"default","ocean_display_footer_bottom":"default","ocean_custom_footer_template":"","footnotes":""},"_links":{"self":[{"href":"https:\/\/campinglabiaugue.com\/index.php\/wp-json\/wp\/v2\/pages\/603"}],"collection":[{"href":"https:\/\/campinglabiaugue.com\/index.php\/wp-json\/wp\/v2\/pages"}],"about":[{"href":"https:\/\/campinglabiaugue.com\/index.php\/wp-json\/wp\/v2\/types\/page"}],"author":[{"embeddable":true,"href":"https:\/\/campinglabiaugue.com\/index.php\/wp-json\/wp\/v2\/users\/1"}],"replies":[{"embeddable":true,"href":"https:\/\/campinglabiaugue.com\/index.php\/wp-json\/wp\/v2\/comments?post=603"}],"version-history":[{"count":10,"href":"https:\/\/campinglabiaugue.com\/index.php\/wp-json\/wp\/v2\/pages\/603\/revisions"}],"predecessor-version":[{"id":638,"href":"https:\/\/campinglabiaugue.com\/index.php\/wp-json\/wp\/v2\/pages\/603\/revisions\/638"}],"wp:attachment":[{"href":"https:\/\/campinglabiaugue.com\/index.php\/wp-json\/wp\/v2\/media?parent=603"}],"curies":[{"name":"wp","href":"https:\/\/api.w.org\/{rel}","templated":true}]}}